{"id":16,"date":"2018-09-10T13:05:51","date_gmt":"2018-09-10T13:05:51","guid":{"rendered":"https:\/\/www.spielnest.de\/?page_id=16"},"modified":"2025-10-13T13:23:31","modified_gmt":"2025-10-13T11:23:31","slug":"datenschutzerklaerung","status":"publish","type":"page","link":"https:\/\/www.spielnest.de\/?page_id=16","title":{"rendered":"Datenschutzerkl\u00e4rung"},"content":{"rendered":"\n<p><strong>1. \u00dcberblick<\/strong><\/p>\n\n\n\n<p><strong>(1) Allgemeine Hinweise<\/strong><\/p>\n\n\n\n<p>Mit den folgenden Hinweisen geben wir Euch einen \u00dcberblick dar\u00fcber, was mit Euren personenbezogenen Daten passiert, wenn Ihr unsere Website besucht. Personenbezogene Daten sind alle Daten, mit denen Ihr pers\u00f6nlich identifiziert werden k\u00f6nnt. Ausf\u00fchrliche Informationen findet Ihr unter Ziffer 2. und 3. dieser Datenschutzerkl\u00e4rung.<\/p>\n\n\n\n<p><strong>(2) Datenerfassung auf unserer Website<\/strong><\/p>\n\n\n\n<p><em>Wer ist verantwortlich f\u00fcr die Datenerfassung?<\/em><\/p>\n\n\n\n<p>Verantwortlich f\u00fcr die Datenverarbeitung auf dieser Website ist der Websitebetreiber. Ihr findet seine Kontaktdaten im Impressum dieser Website.<\/p>\n\n\n\n<p><em>Wie werden die Daten erfasst?<\/em><\/p>\n\n\n\n<p>Zum einen erfassen wir Daten dadurch, dass Ihr uns Eure Daten mitteilt, z. B. durch Kontaktaufnahme per E-Mail oder mithilfe eines Kontaktformulars.<\/p>\n\n\n\n<p>Zum anderen werden Daten automatisch beim Besuch der Website erfasst. Das sind vor allem technische Daten (z. B. Browser, IP-Adresse). Die Erfassung dieser Daten erfolgt automatisch, sobald Ihr unsere Website aufruft (siehe unten).<\/p>\n\n\n\n<p><em>Wof\u00fcr werden die Daten genutzt?<\/em><\/p>\n\n\n\n<p>Eure mitgeteilten Daten speichern wir \u2013 ggf. in einem System zur Anfragenorganisation \u2013, um Euer Anliegen zu beantworten. Sie werden gel\u00f6scht, nachdem die Speicherung nicht mehr erforderlich ist, oder die Verarbeitung eingeschr\u00e4nkt, falls gesetzliche Aufbewahrungspflichten bestehen. Wir \u00fcberpr\u00fcfen die Erforderlichkeit alle zwei Jahre.<\/p>\n\n\n\n<p>Wir nutzen die automatisch erfassten Daten um eine fehlerfreie Bereitstellung der Website zu gew\u00e4hrleisten, aber auch zur Analyse des Nutzerverhaltens und zur Optimierung des Websiteauftritts. Falls wir f\u00fcr einzelne Funktionen unseres Angebots auf beauftragte Dienstleister zur\u00fcckgreifen, werden wir Euch untenstehend detailliert informieren.<\/p>\n\n\n\n<p><em>Welche Rechte habt Ihr in Bezug auf Eure personenbezogenen Daten?<\/em><\/p>\n\n\n\n<p>Ihr habt gegen\u00fcber uns folgende Rechte in Bezug auf Euch betreffende personenbezogenen Daten:<\/p>\n\n\n\n<ul class=\"wp-block-list\">\n<li>Recht auf Auskunft<\/li>\n\n\n\n<li>Recht auf Berichtigung und L\u00f6schung<\/li>\n\n\n\n<li>Recht auf Einschr\u00e4nkung der Verarbeitung<\/li>\n\n\n\n<li>Recht auf Widerspruch gegen die Verarbeitung<\/li>\n\n\n\n<li>Recht auf Daten\u00fcbertragbarkeit<\/li>\n<\/ul>\n\n\n\n<p>Ansprechpartner f\u00fcr diese Rechte und Fragen zum Datenschutz ist der Websitebetreiber (s.o.).<\/p>\n\n\n\n<p>Zudem steht Euch ein Beschwerderecht bei der zust\u00e4ndigen Aufsichtsbeh\u00f6rde zu.<\/p>\n\n\n\n<p><strong>(3) Analyse-Tools und Tools von Drittanbietern<\/strong><\/p>\n\n\n\n<p>Wir verwenden Analyse-Tools und Tools von Drittanbietern. Mithilfe von Analyse-Tools kann Euer Nutzerverhalten beim Besuch der Website erfasst und statistisch ausgewertet werden. Die Analyse erfolgt in der Regel anonym, das Nutzerverhalten kann nicht zur\u00fcckverfolgt werden. Ihr k\u00f6nnt dieser Analyse widersprechen oder sie verhindern. Detaillierte Informationen dazu findet Ihr unten.<\/p>\n\n\n\n<p><strong>2. Allgemeine Hinweise und Pflichtinformationen<\/strong><\/p>\n\n\n\n<p><strong>(1) Datenschutz<\/strong><\/p>\n\n\n\n<p>Datenschutz ist uns wichtig. Wir behandeln personenbezogene Daten vertraulich und entsprechend der Datenschutzvorschriften sowie dieser Datenschutzerkl\u00e4rung.<\/p>\n\n\n\n<p>Bei Benutzung dieser Website werden personenbezogene Daten erhoben. Personenbezogene Daten sind Daten, mit denen Ihr pers\u00f6nlich identifiziert werden k\u00f6nnt. Diese Datenschutzerkl\u00e4rung erl\u00e4utert, welche Daten erhoben und wof\u00fcr sie genutzt werden; au\u00dferdem wie und zu welchem Zweck das geschieht.<\/p>\n\n\n\n<p>Eine Daten\u00fcbertragung im Internet (z. B. per E-Mail) kann Sicherheitsl\u00fccken aufweisen. Ein l\u00fcckenloser Datenschutz ist nicht m\u00f6glich.<\/p>\n\n\n\n<p><strong>(2) Hinweis zur verantwortlichen Stelle<\/strong><\/p>\n\n\n\n<p>Die verantwortliche Stelle f\u00fcr die Datenverarbeitung auf dieser Website ist:<\/p>\n\n\n\n<p>Elterninitiativen f\u00fcr kreative Erziehung e. V.<br>Ansprechpartner: Daniel Schr\u00f6er<br>Maria-Luiko-Str. 40 (ehem. Hilblestr.)<br>80636 M\u00fcnchen<\/p>\n\n\n\n<p>Telefon: 089-129 84 55<br>E-Mail:&nbsp; info[at]spielnest.de<\/p>\n\n\n\n<p><strong>(3) Widerruf bereits erteilter Einwilligungen<\/strong><\/p>\n\n\n\n<p>Eine bereits erteilte Einwilligung zur Datenverarbeitung kann jederzeit \u2013 auch formlos per E-Mail \u2013 widerrufen werden. Der Widerruf ist an die verantwortliche Stelle zu richten. Die Rechtm\u00e4\u00dfigkeit der bis zum Widerruf erfolgten Datenverarbeitung bleibt vom Widerruf unber\u00fchrt.<\/p>\n\n\n\n<p><strong>(4) Widerspruch gegen die Verarbeitung personenbezogener Daten<\/strong><\/p>\n\n\n\n<p>Ihr k\u00f6nnt gegen die Verarbeitung Eurer personenbezogenen Daten, die auf Art. 6 Abs. 1 lit. e) oder f) DS-GVO gest\u00fctzt wird, Widerspruch einlegen. Wir verarbeiten sodann die personenbezogenen Daten nicht mehr, es sei denn, wir k\u00f6nnen zwingende schutzw\u00fcrdige Gr\u00fcnde f\u00fcr die Verarbeitung nachweisen, die die Interessen, Rechte und Freiheiten der betroffenen Person \u00fcberwiegen, oder die Verarbeitung dient der Geltendmachung, Aus\u00fcbung oder Verteidigung von Rechtsanspr\u00fcchen. Der Verarbeitung personenbezogener Daten f\u00fcr Zwecke der Datenanalyse und Werbung k\u00f6nnt Ihr jederzeit widersprechen.<\/p>\n\n\n\n<p><strong>(5) Beschwerderecht bei der zust\u00e4ndigen Aufsichtsbeh\u00f6rde<\/strong><\/p>\n\n\n\n<p>Im Fall datenschutzrechtlicher Verst\u00f6\u00dfe steht Euch als Betroffene ein Beschwerderecht bei der zust\u00e4ndigen Aufsichtsbeh\u00f6rde, insbesondere in dem Mitgliedstaat ihres gew\u00f6hnlichen Aufenthaltsorts, ihres Arbeitsplatzes oder des Orts des mutma\u00dflichen Versto\u00dfes, zu. Die Kontaktdaten k\u00f6nnt Ihr folgendem Link entnehmen: <a href=\"https:\/\/www.bfdi.bund.de\/DE\/Infothek\/Anschriften_Links\/anschriften_links-node.html\">https:\/\/www.bfdi.bund.de\/DE\/Infothek\/Anschriften_Links\/anschriften_links-node.html<\/a>.<\/p>\n\n\n\n<p><strong>(6) Recht auf Daten\u00fcbertragbarkeit<\/strong><\/p>\n\n\n\n<p>Ihr habt das Recht, Daten, die wir auf Grundlage Eurer Einwilligung oder in Erf\u00fcllung eines Vertrags automatisiert verarbeiten, an Euch oder an einen Dritten in einem g\u00e4ngigen, maschinenlesbaren Format aush\u00e4ndigen zu lassen; eine direkte Daten\u00fcbertragung erfolgt nur, soweit es technisch machbar ist.<\/p>\n\n\n\n<p><strong>(7) SSL- bzw. TLS-Verschl\u00fcsselung<\/strong><\/p>\n\n\n\n<p>Diese Website nutzt aus Sicherheitsgr\u00fcnden und zum Schutz der \u00dcbertragung vertraulicher Inhalte eine SSL-bzw. TLS-Verschl\u00fcsselung. Eine verschl\u00fcsselte Verbindung erkennt Ihr daran, dass die Adresszeile des Browsers von \u201chttp:\/\/\u201d auf \u201chttps:\/\/\u201d wechselt.<\/p>\n\n\n\n<p><strong>3. Datenerfassung\/Analysetools<\/strong><\/p>\n\n\n\n<p><strong>(1) Server-Log-Dateien<\/strong><\/p>\n\n\n\n<p>Bei dem Besuch dieser Website erhebt und speichert der Provider automatisch Informationen, die Euer Browser an den Server \u00fcbermittelt, bis zur automatisierten L\u00f6schung in Server-Log-Dateien. Dies sind Daten, die erforderlich sind, um die Website anzuzeigen und die Stabilit\u00e4t und Sicherheit zu gew\u00e4hrleisten:<\/p>\n\n\n\n<ul class=\"wp-block-list\">\n<li>Browsertyp und Browserversion<\/li>\n\n\n\n<li>verwendetes Betriebssystem<\/li>\n\n\n\n<li>Referrer URL<\/li>\n\n\n\n<li>Hostname des zugreifenden Rechners<\/li>\n\n\n\n<li>Datum und Uhrzeit der Serveranfrage<\/li>\n\n\n\n<li>IP-Adresse<\/li>\n<\/ul>\n\n\n\n<p>Eine Zuordnung der erfassten Daten zu bestimmten Personen oder eine Zusammenf\u00fchrung der erfassten Daten mit Daten aus anderen Datenquellen erfolgt nicht.<\/p>\n\n\n\n<p>Die Daten zur Bereitstellung der Website werden gel\u00f6scht, wenn Ihr die Website verlasst oder den Browser schlie\u00dft. IP-Adressen werden sp\u00e4testens nach 7 Tagen gel\u00f6scht. Eine dar\u00fcberhinaus gehende Speicherung ist m\u00f6glich; in diesem Fall werden IP-Adressen verfremdet, so dass eine Zuordnung zum Nutzer nicht mehr m\u00f6glich ist.<\/p>\n\n\n\n<p>Rechtsgrundlage f\u00fcr die Datenverarbeitung ist Art. 6 Abs. 1 lit. f) DS-GVO.<\/p>\n\n\n\n<p><strong>(2) Cookies<\/strong><\/p>\n\n\n\n<p>Zus\u00e4tzlich verwenden wir sog. \u201eCookies\u201c. Cookies sind kleine Textdateien, die auf dem Endger\u00e4t abgelegt und im Browser gespeichert werden. Sie dienen dazu, das Angebot nutzerfreundlicher, effektiver und sicherer zu machen. Dar\u00fcber hinaus verwenden wir Cookies, um das Nutzerverhalten zu analysieren und unser Onlineangebot zu verbessern.<\/p>\n\n\n\n<p>Die meisten der von uns verwendeten Cookies sind sog. Session-Cookies. Sie werden automatisch gel\u00f6scht, sobald Ihr die Website verlasst oder den Browser schlie\u00dft. Andere Cookies bleiben auf dem Endger\u00e4t gespeichert, bis sie gel\u00f6scht werden. Diese Cookies erm\u00f6glichen es, einen wiederholten Besuch zu erkennen.<\/p>\n\n\n\n<p>Rechtsgrundlage f\u00fcr diese Datenverarbeitung ist Art. 6 Abs. 1 lit. f) DS-GVO.<\/p>\n\n\n\n<p>Ihr k\u00f6nnt den Browser so einstellen, dass Ihr \u00fcber das Setzen von Cookies informiert werdet, und Cookies nur im Einzelfall erlauben, die Annahme von Cookies f\u00fcr bestimmte F\u00e4lle oder generell ausschlie\u00dfen sowie das automatische L\u00f6schen der Cookies beim Schlie\u00dfen des Browser aktivieren. Wir weisen darauf hin, dass bei Deaktivierung von Cookies die Funktionalit\u00e4t dieser Website eingeschr\u00e4nkt sein kann.<\/p>\n\n\n\n<p><strong>(3) Kontaktformular oder Kontakt per E-Mail<\/strong><\/p>\n\n\n\n<p>Falls Ihr unser Kontaktformular (Anmeldeformular) zur Vormerkung Eurer Kinder f\u00fcr freie Einrichtungspl\u00e4tze nutzen m\u00f6chtet, ist eine Angabe folgender Daten erforderlich, um Eure Anmeldung ordnungsgem\u00e4\u00df bearbeiten zu k\u00f6nnen: Vor- und Zuname sowie E-Mail-Adresse der Kontaktperson, Vor- und Zuname, Geschlecht, Geburtsdatum sowie Meldeadresse des zu betreuenden Kindes. Alle weiteren Informationen sind freiwillig.<\/p>\n\n\n\n<p>Zudem k\u00f6nnt Ihr jederzeit per E-Mail mit uns Kontakt aufnehmen. In diesem Fall werden die mit der E-Mail \u00fcbermittelten personenbezogenen Daten des Nutzers gespeichert.<\/p>\n\n\n\n<p>Die Verarbeitung der personenbezogenen Daten dient ausschlie\u00dflich zur Bearbeitung des Anliegens. Zur internen Bearbeitung der Anmeldungen speichern wir die Bewerberdaten befristet in Google Docs und Google Drive.<\/p>\n\n\n\n<p>Diese Daten werden gel\u00f6scht, sobald sie f\u00fcr die Erreichung des Zweckes ihrer Erhebung nicht mehr erforderlich sind. Dies ist der Fall, wenn die Konversation beendet ist oder das Vergabeverfahren abgeschlossen ist. Kommt ein Betreuungsvertrag zustande, kann es erforderlich sein, personenbezogene Daten zu speichern, um vertraglichen oder gesetzlichen Verpflichtungen nachzukommen.<\/p>\n\n\n\n<p>Rechtsgrundlage f\u00fcr diese Datenverarbeitung ist, falls Ziel der Abschluss eines Betreuungsvertrages ist, Art. 6 Abs. 1 S. 1 lit. b) DS-GVO, ansonsten Art. 6 Abs. 1 lit. b) DS-GVO.<\/p>\n\n\n\n<p><strong>(4) Jetpack (WordPress Stats)<\/strong><\/p>\n\n\n\n<p>Diese Website nutzt das Plugin \u201eJetpack\u201c (und zwar \u201eWordpress Stats\u201c). Anbieter ist Automattic Inc., 60 29th Street #343, San Francisco, CA 94110, USA.<\/p>\n\n\n\n<p>Jetpack verwendet \u201eCookies\u201c. Cookies sind kleine Textdateien, die auf dem Endger\u00e4t abgelegt und im Browser gespeichert werden. Sie erm\u00f6glichen eine Analyse des Nutzerverhaltens.<\/p>\n\n\n\n<p>Wir nutzen Jetpack, um die Benutzung der Website zu analysieren und unser Onlineangebot zu optimieren. Dies stellt gem\u00e4\u00df Art. 6 Abs. 1 lit. f) DS-GVO ein berechtigtes Interesse dar.<\/p>\n\n\n\n<p>Die durch das Cookie erzeugten Informationen in den USA verarbeitet. Dabei k\u00f6nnen aus den Daten Nutzungsprofile erstellt werden, die zu Analyse- aber nicht zu Werbezwecken eingesetzt werden. Mehr Informationen zum Umgang mit Nutzerdaten findet Ihr in der Datenschutzerkl\u00e4rung von Automattic: <a href=\"https:\/\/automattic.com\/privacy\/\">https:\/\/automattic.com\/privacy\/<\/a> und den Hinweisen zu Jetpack-Cookies:&nbsp;<a href=\"https:\/\/jetpack.com\/support\/cookies\/\">https:\/\/jetpack.com\/support\/cookies\/<\/a>.<\/p>\n","protected":false},"excerpt":{"rendered":"<p>1. \u00dcberblick (1) Allgemeine Hinweise Mit den folgenden Hinweisen geben wir Euch einen \u00dcberblick dar\u00fcber, was mit Euren personenbezogenen Daten passiert, wenn Ihr unsere Website besucht. Personenbezogene Daten sind alle Daten, mit denen Ihr pers\u00f6nlich identifiziert werden k\u00f6nnt. Ausf\u00fchrliche Informationen findet Ihr unter Ziffer 2. und 3. dieser Datenschutzerkl\u00e4rung. (2) Datenerfassung auf unserer Website Wer &hellip; <a href=\"https:\/\/www.spielnest.de\/?page_id=16\" class=\"more-link\"><span class=\"screen-reader-text\">Datenschutzerkl\u00e4rung<\/span> weiterlesen<\/a><\/p>\n","protected":false},"author":1,"featured_media":0,"parent":0,"menu_order":0,"comment_status":"closed","ping_status":"closed","template":"","meta":{"footnotes":""},"class_list":["post-16","page","type-page","status-publish","hentry"],"_links":{"self":[{"href":"https:\/\/www.spielnest.de\/index.php?rest_route=\/wp\/v2\/pages\/16","targetHints":{"allow":["GET"]}}],"collection":[{"href":"https:\/\/www.spielnest.de\/index.php?rest_route=\/wp\/v2\/pages"}],"about":[{"href":"https:\/\/www.spielnest.de\/index.php?rest_route=\/wp\/v2\/types\/page"}],"author":[{"embeddable":true,"href":"https:\/\/www.spielnest.de\/index.php?rest_route=\/wp\/v2\/users\/1"}],"replies":[{"embeddable":true,"href":"https:\/\/www.spielnest.de\/index.php?rest_route=%2Fwp%2Fv2%2Fcomments&post=16"}],"version-history":[{"count":8,"href":"https:\/\/www.spielnest.de\/index.php?rest_route=\/wp\/v2\/pages\/16\/revisions"}],"predecessor-version":[{"id":585,"href":"https:\/\/www.spielnest.de\/index.php?rest_route=\/wp\/v2\/pages\/16\/revisions\/585"}],"wp:attachment":[{"href":"https:\/\/www.spielnest.de\/index.php?rest_route=%2Fwp%2Fv2%2Fmedia&parent=16"}],"curies":[{"name":"wp","href":"https:\/\/api.w.org\/{rel}","templated":true}]}}