{"id":642,"date":"2026-04-23T09:48:09","date_gmt":"2026-04-23T07:48:09","guid":{"rendered":"https:\/\/www.spielnest.de\/?page_id=642"},"modified":"2026-04-23T13:34:54","modified_gmt":"2026-04-23T11:34:54","slug":"freie-stellen","status":"publish","type":"page","link":"https:\/\/www.spielnest.de\/?page_id=642","title":{"rendered":"Freie Stellen"},"content":{"rendered":"\n<h2 class=\"wp-block-heading has-medium-pink-color has-text-color has-link-color wp-elements-2980639142c21ee09422cc0463de656d\">FSJLER_INNEN \/ SEJ_INNEN<br>f\u00fcr das Kindergartenjahr 2026\/27<\/h2>\n\n\n\n<p>Das Spielnest ist eine Elterninitiative, die es seit \u00fcber 40 Jahren gibt. Dieses lange Bestehen ist nicht zuletzt darin begr\u00fcndet, dass wir in unserem Kindergarten Wertsch\u00e4tzung, Offenheit, Respekt und Vertrauen seit jeher gro\u00dfgeschrieben haben &#8211; und zwar zwischen Kindern, Team und Eltern. Wir arbeiten alle Hand in Hand, um unseren Kindern eine gl\u00fcckliche und geborgene Kindergartenzeit zu erm\u00f6glichen.<\/p>\n\n\n\n<p class=\"has-medium-pink-color has-text-color has-link-color wp-elements-ba2cb380e59c61cc0dd3dc71128ea023\">Wenn Dein Herz f\u00fcr Kinder schl\u00e4gt und Du mit uns gemeinsam die Geschichte des Spielnests erfolgreich weiterschreiben m\u00f6chtest, dann freu Dich auf:<\/p>\n\n\n\n<ul class=\"wp-block-list\">\n<li>Einen sehr guten Betreuungsschl\u00fcssel:<\/li>\n\n\n\n<li>2 Erzieher:innen, 1 Kinderpfleger:in in TZ, Berufspraktikanten und 22 Kinder im Alter von 2,5-6 J<\/li>\n\n\n\n<li>Hilfsbereite, erfahrene Kolleginnen, die schon seit \u00fcber 10 Jahren bei uns gemeinsam zusammenarbeiten, sich gerne deiner Fragen annehmen und Dich mit offenen Armen im Team aufnehmen<\/li>\n\n\n\n<li>Professionelle Einarbeitung vom ersten Tag an<\/li>\n\n\n\n<li>Ein Konzept, das sich konsequent an den Bed\u00fcrfnissen der Kinder ausrichtet<\/li>\n\n\n\n<li>Eine durch Wertsch\u00e4tzung gepr\u00e4gte, offene Arbeitsatmosph\u00e4re zwischen Team, Vorstand und Eltern<\/li>\n<\/ul>\n\n\n\n<p class=\"has-medium-pink-color has-text-color has-link-color wp-elements-76afdc67817ed6a725da8856f497ffb4\">Wir freuen uns auf:<\/p>\n\n\n\n<ul class=\"wp-block-list\">\n<li>Begeisterung f\u00fcr die Arbeit mit Kindern<\/li>\n\n\n\n<li>Engagierte, verantwortungsbewusste Pers\u00f6nlichkeiten<\/li>\n\n\n\n<li>Eigenverantwortung, Aufgeschlossenheit und eigene Ideen<\/li>\n\n\n\n<li>Spa\u00df an Arbeit im Team, an der Mitgestaltung und Zuverl\u00e4ssigkeit<\/li>\n\n\n\n<li>Wertsch\u00e4tzung gegen\u00fcber Kindern, Eltern und Kolleg:innen<\/li>\n<\/ul>\n\n\n\n<p>Mehr Infos \u00fcber unsere Elterninitiative und den Kindergarten (direkt am <mark style=\"background-color:rgba(0, 0, 0, 0)\" class=\"has-inline-color has-medium-pink-color\">Leonrodplatz<\/mark>) findest Du hier auf unserer Internetseite.<\/p>\n\n\n\n<p>Bewerbungen per <mark style=\"background-color:rgba(0, 0, 0, 0)\" class=\"has-inline-color has-medium-pink-color\">Mail <\/mark>an: <a href=\"mailto:bewerbung@spielnest.de\">bewerbung@spielnest.de<\/a><\/p>\n\n\n\n<p class=\"has-large-font-size\">Wir freuen uns auf Dich!<\/p>\n\n\n\n<p><a href=\"https:\/\/www.spielnest.de\/wp-content\/uploads\/2026\/04\/Stellenanzeige_Spielnest_SEJ_FSJ-2.pdf\" data-type=\"link\" data-id=\"https:\/\/www.spielnest.de\/wp-content\/uploads\/2026\/04\/Stellenanzeige_Spielnest_SEJ_FSJ-2.pdf\">Diese Anzeige als <mark style=\"background-color:rgba(0, 0, 0, 0)\" class=\"has-inline-color has-medium-pink-color\">PDF<\/mark>.<\/a><\/p>\n\n\n\n<p><\/p>\n","protected":false},"excerpt":{"rendered":"<p>FSJLER_INNEN \/ SEJ_INNENf\u00fcr das Kindergartenjahr 2026\/27 Das Spielnest ist eine Elterninitiative, die es seit \u00fcber 40 Jahren gibt. Dieses lange Bestehen ist nicht zuletzt darin begr\u00fcndet, dass wir in unserem Kindergarten Wertsch\u00e4tzung, Offenheit, Respekt und Vertrauen seit jeher gro\u00dfgeschrieben haben &#8211; und zwar zwischen Kindern, Team und Eltern. Wir arbeiten alle Hand in Hand, um &hellip; <a href=\"https:\/\/www.spielnest.de\/?page_id=642\" class=\"more-link\"><span class=\"screen-reader-text\">Freie Stellen<\/span> weiterlesen<\/a><\/p>\n","protected":false},"author":1,"featured_media":43,"parent":0,"menu_order":0,"comment_status":"closed","ping_status":"closed","template":"","meta":{"footnotes":""},"class_list":["post-642","page","type-page","status-publish","has-post-thumbnail","hentry"],"_links":{"self":[{"href":"https:\/\/www.spielnest.de\/index.php?rest_route=\/wp\/v2\/pages\/642","targetHints":{"allow":["GET"]}}],"collection":[{"href":"https:\/\/www.spielnest.de\/index.php?rest_route=\/wp\/v2\/pages"}],"about":[{"href":"https:\/\/www.spielnest.de\/index.php?rest_route=\/wp\/v2\/types\/page"}],"author":[{"embeddable":true,"href":"https:\/\/www.spielnest.de\/index.php?rest_route=\/wp\/v2\/users\/1"}],"replies":[{"embeddable":true,"href":"https:\/\/www.spielnest.de\/index.php?rest_route=%2Fwp%2Fv2%2Fcomments&post=642"}],"version-history":[{"count":4,"href":"https:\/\/www.spielnest.de\/index.php?rest_route=\/wp\/v2\/pages\/642\/revisions"}],"predecessor-version":[{"id":655,"href":"https:\/\/www.spielnest.de\/index.php?rest_route=\/wp\/v2\/pages\/642\/revisions\/655"}],"wp:featuredmedia":[{"embeddable":true,"href":"https:\/\/www.spielnest.de\/index.php?rest_route=\/wp\/v2\/media\/43"}],"wp:attachment":[{"href":"https:\/\/www.spielnest.de\/index.php?rest_route=%2Fwp%2Fv2%2Fmedia&parent=642"}],"curies":[{"name":"wp","href":"https:\/\/api.w.org\/{rel}","templated":true}]}}